{"id":215,"date":"2015-01-16T11:22:22","date_gmt":"2015-01-16T11:22:22","guid":{"rendered":"http:\/\/getatent.lt\/pirkimas-issimoketinai-2\/"},"modified":"2015-12-21T16:43:30","modified_gmt":"2015-12-21T14:43:30","slug":"pirkimas-issimoketinai","status":"publish","type":"page","link":"https:\/\/getatent.lt\/ru\/pirkimas-issimoketinai\/","title":{"rendered":"Pirkimas i\u0161simok\u0117tinai"},"content":{"rendered":"<h1>Paviljon\u0173 ir palapini\u0173 pirkimas i\u0161simok\u0117tinai<\/h1>\n<p>&nbsp;<\/p>\n<p>Palapines, paviljonus ir kitus parduodamus asortimentus Jus galite pirkti i\u0161simok\u0117tinai. Galite pasirinkti tik Jums priimtinas mok\u0117jimo s\u0105lygas, mok\u0117jimo \u012fmokas.<\/p>\n<p>Pirkdami i\u0161simok\u0117tinai J\u016bs gaunate savo pirkin\u012f i\u0161kart, o mokate u\u017e j\u012f ma\u017eomis dalimis pagal pasirinkt\u0105 mok\u0117jimo grafik\u0105.<\/p>\n<p>Sutarties terminas gali b\u016bti nuo 6 iki 48 m\u0117nesi\u0173, o j\u0105 sudaryti gali asmenys nuo 20 iki 70 met\u0173 am\u017eiaus.<\/p>\n<p>Gali mok\u0117ti pradin\u012f \u012fna\u0161\u0105 arba jo nemok\u0117ti \u2013 kaip Jums patogiau. Likusi suma yra tolygiai paskirstoma kas m\u0117nes\u012f pagal pasirinkt\u0105 termin\u0105.<\/p>\n<p>Pirm\u0105j\u0105 \u012fmok\u0105 galite atid\u0117ti iki 6 m\u0117nesi\u0173.<\/p>\n<p>PASLAUGOS NAUJOV\u0116. Sutiekiame platesnes finansavimo galimybes \u2013 sutart\u012f gali sudaryti 2 asmenys, \u0161eimos nariai ar partneriai ir tokiu b\u016bd\u0173 pirkti i\u0161simok\u0117tinai palankesn\u0117mis s\u0105lygomis. Perkant i\u0161simok\u0117tinai DVIESE Jums bus pritaikytos geriausios privilegij\u0173 programos nuolaidos, kurias gali gauti bent vienas i\u0161 perkan\u010di\u0173j\u0173.<\/p>\n","protected":false},"excerpt":{"rendered":"Paviljon\u0173 ir palapini\u0173 pirkimas i\u0161simok\u0117tinai &nbsp; Palapines, paviljonus ir kitus parduodamus asortimentus Jus galite pirkti i\u0161simok\u0117tinai. Galite pasirinkti tik Jums priimtinas mok\u0117jimo s\u0105lygas, mok\u0117jimo \u012fmokas. Pirkdami i\u0161simok\u0117tinai J\u016bs gaunate savo pirkin\u012f i\u0161kart, o mokate u\u017e j\u012f ma\u017eomis dalimis pagal pasirinkt\u0105 mok\u0117jimo grafik\u0105. Sutarties terminas gali b\u016bti nuo 6 iki 48 m\u0117nesi\u0173, o j\u0105 sudaryti gali&#8230; <a class=\"view-article\" href=\"https:\/\/getatent.lt\/ru\/pirkimas-issimoketinai\/\">View Article<\/a>","protected":false},"author":1,"featured_media":0,"parent":0,"menu_order":0,"comment_status":"open","ping_status":"closed","template":"","meta":{"_acf_changed":false,"footnotes":""},"class_list":["post-215","page","type-page","status-publish","hentry"],"acf":[],"aioseo_notices":[],"_links":{"self":[{"href":"https:\/\/getatent.lt\/ru\/wp-json\/wp\/v2\/pages\/215","targetHints":{"allow":["GET"]}}],"collection":[{"href":"https:\/\/getatent.lt\/ru\/wp-json\/wp\/v2\/pages"}],"about":[{"href":"https:\/\/getatent.lt\/ru\/wp-json\/wp\/v2\/types\/page"}],"author":[{"embeddable":true,"href":"https:\/\/getatent.lt\/ru\/wp-json\/wp\/v2\/users\/1"}],"replies":[{"embeddable":true,"href":"https:\/\/getatent.lt\/ru\/wp-json\/wp\/v2\/comments?post=215"}],"version-history":[{"count":0,"href":"https:\/\/getatent.lt\/ru\/wp-json\/wp\/v2\/pages\/215\/revisions"}],"wp:attachment":[{"href":"https:\/\/getatent.lt\/ru\/wp-json\/wp\/v2\/media?parent=215"}],"curies":[{"name":"wp","href":"https:\/\/api.w.org\/{rel}","templated":true}]}}