{"id":3467,"date":"2015-01-14T13:51:29","date_gmt":"2015-01-14T13:51:29","guid":{"rendered":"http:\/\/getatent.lt\/d-u-k-2\/"},"modified":"2021-01-19T07:01:02","modified_gmt":"2021-01-19T05:01:02","slug":"dazniausiai-uzduodami-klausimai","status":"publish","type":"page","link":"https:\/\/getatent.lt\/en\/dazniausiai-uzduodami-klausimai\/","title":{"rendered":"D.U.K."},"content":{"rendered":"<h1>DA\u017dNIAUSIAI U\u017dDUODAMI KLAUSIMAI &#8211;\u00a0DUK &#8211;<\/h1>\n<p>&nbsp;<\/p>\n<p><strong>NORIU PAKLAUSTI APIE PREKI\u0172 KAINAS:<\/strong><\/p>\n<p><em>Klausimas<\/em>:\u00a0Ar galiu der\u0117tis d\u0117l kainos?<\/p>\n<p>Atsakymas:\u00a0<em>Savo pirk\u0117jams visada stengiam\u0117s pasi\u016blyti geriausias palapini\u0173 ir paviljon\u0173 kainas. Jei t\u0105 pa\u010di\u0105 prek\u0119 randate pigiau pas kit\u0105 pardav\u0117j\u0105 Lietuvoje,\u00a0<a href=\"http:\/\/getatent.lt\/kontaktai\/\">prane\u0161kite<\/a>\u00a0mums. \u00a0Mes pasistengsime pateikti tok\u012f pat ar geresn\u012f pasi\u016blym\u0105.<\/em><\/p>\n<hr \/>\n<p><em>Klausimas<\/em>:\u00a0Ar skiriasi kainos juridiniams bei fiziniams asmenims?<\/p>\n<p>Atsakymas:\u00a0<em>Ne. Preki\u0173 kainos tiek juridiniams, tiek fiziniams asmenims vienodos.<\/em><\/p>\n<hr \/>\n<p><em>Klausimas<\/em>:\u00a0Ar J\u016bs\u0173 preki\u0173 kainos yra su PVM?<\/p>\n<p>Atsakymas:\u00a0<em><a href=\"http:\/\/getatent.lt\/salygos-ir-terminai\/\" target=\"_blank\" rel=\"noopener\">Taip<\/a>, vis\u0173 preki\u0173 kainos m\u016bs\u0173 parduotuv\u0117je nurodytos su 21 % PVM.<\/em><\/p>\n<p>&nbsp;<\/p>\n<p><strong>NORIU PAKLAUSTI APIE PREKI\u0172 PRISTATYM\u0104:<\/strong><\/p>\n<p><em>Klausimas<\/em>:\u00a0Kur pristatote prekes?<\/p>\n<p>Atsakymas<strong>:<\/strong>\u00a0<em>Prekes\u00a0<a href=\"http:\/\/getatent.lt\/pristatymas-grazinimas\/\">pristatome<\/a> visoje Lietuvoje.<\/em><\/p>\n<hr \/>\n<p><em>Klausimas<\/em>:\u00a0Per kiek laiko pristatote prekes?<\/p>\n<p>Atsakymas:\u00a0<em>Numatomas preki\u0173 pristatymo laikas yra 3-7 darbo dienos, kiekvienas u\u017esakymas gali b\u016bti derinamas atskirai.<\/em><\/p>\n<hr \/>\n<p><em>Klausimas<\/em>:\u00a0Ar galime prekes atsiimti pa\u010diam?<\/p>\n<p>Atsakymas:\u00a0<em>Be abejo, adresas kuriuo galima atsiimti prekes:<\/em><\/p>\n<p><em>Nemokamas preki\u0173 atsi\u0117mimas VILNIUJE:<\/em><br \/>\n<em>Algirdo\u00a0g. 26, Vilnius<\/em><br \/>\n<em> <a href=\"https:\/\/www.google.lt\/maps\/place\/Algirdo+g.+26,+Vilnius+03218\/@54.6760629,25.271462,19.5z\/data=!4m5!3m4!1s0x46dd946c54cc98c5:0xcaad5c47bdf571f8!8m2!3d54.676112!4d25.2718167\">\u017di\u016br\u0117ti \u017eem\u0117lapyje<br \/>\n<\/a>Darbo laikas:<\/em><br \/>\n<em> I-V 10:00 \u2013 19:00 val.<\/em><br \/>\n<em> VII 12:00 &#8211; 15:00 val.<\/em><\/p>\n<hr \/>\n<p><em>Klausimas:<\/em>\u00a0Ar si\u016blote palapini\u0173 sumontavimo paslaug\u0105?<\/p>\n<p>Atsakymas:\u00a0<em>Taip, palapini\u0173 sumontavimo paslaug\u0105 galite u\u017esisakyti el.p.<a href=\"http:\/\/getatent.lt\/kontaktai\/\">info@getatent.lt\u00a0<\/a><\/em><\/p>\n<hr \/>\n<p><em>Klausimas<\/em>:<strong>\u00a0<\/strong>Ar galite prek\u0119 pristatyti anks\u010diau nei nurodyta tinklalapyje?<\/p>\n<p>Atsakymas:\u00a0\u00a0<em>Palapini\u0173 pristatym\u0105 paskubinti galime, \u00a0jei J\u016bs\u0173 u\u017esakymas bus apmok\u0117tas i\u0161karto kai yra i\u0161ra\u0161oma s\u0105skaita. Taip pat vien\u0105 darbo dien\u0105 gal\u0117site sutaupyti, jei prek\u0119 atvyksite atsiimti patys, adresu\u00a0<a href=\"https:\/\/www.google.lt\/maps\/place\/Algirdo+g.+26,+Vilnius+03218\/@54.6760629,25.271462,19.5z\/data=!4m5!3m4!1s0x46dd946c54cc98c5:0xcaad5c47bdf571f8!8m2!3d54.676112!4d25.2718167\">Algirdo\u00a0g. 26 Vilnius\u00a0.<\/a><\/em><\/p>\n<p>&nbsp;<\/p>\n<p><strong>NORIU PAKLAUSTI APIE U\u017dSAKYMO VYKDYM\u0104:<\/strong><\/p>\n<p><em>Klausimas<\/em>:<strong>\u00a0<\/strong>Kada pradedate vykdyti u\u017esakym\u0105?<\/p>\n<p>Atsakymas:\u00a0<em>Jei u\u017esakymo apmok\u0117jim\u0105 vykdote per el. bankininkyst\u0117s sistem\u0105, u\u017esakym\u0105 pradedame vykdyti nedelsiant. Jei pasirenkate kit\u0105 <a href=\"http:\/\/getatent.lt\/mokejimas\/\">apmok\u0117jimo b\u016bd\u0105<\/a> &#8211; u\u017esakym\u0105 prad\u0117sime vykdyti patikrin\u0119 J\u016bs\u0173 duomenis telefonu arba el.pa\u0161tu.<\/em><\/p>\n<hr \/>\n<p>&nbsp;<\/p>\n<p><strong>NORIU PAKLAUSTI APIE PALAPIN\u0116S MONTAVIM\u0104, APSAUG\u0104 IR KITUS REIKALAVIMUS:<\/strong><\/p>\n<p><em>Klausimas<\/em>:<strong>\u00a0<\/strong>Kokius reikalavimus reikia \u017einoti prie\u0161 palapini\u0173 montavim\u0105, kokios apsaugos priemon\u0117s naudojamos su palapin\u0117mis ?<\/p>\n<p>Atsakymas: <em>Pateiksime kelis patarimus, kuriuos Jus tur\u0117tum\u0117te \u017einoti,t.y.;<\/em><\/p>\n<p><em>1) Montuojant palapin\u0119 si\u016blome atsi\u017evelgti ir laikytis saugumo taisykli\u0173, jei palapin\u0117s montavimo metu yra stipr\u016bs v\u0117jai, lietus ar sniegas.<\/em><\/p>\n<p><em>2) Jei sumontuotos palapin\u0117s ar paviljonai yra atvirose vietose, si\u016blome naudoti <a href=\"http:\/\/getatent.lt\/category\/papildomi_priedai\/\">SAUGOS PAKETUS<\/a>.\u00a0Jie apsaugos J\u016bs\u0173 paviljonus ar palapines nuo galim\u0173 pa\u017eeidim\u0173.<\/em><\/p>\n<p><em>3) Didelis krituli\u0173 kiekis \u017eiemos metu, gali sudaryti dideles stogo apkrovas. Tod\u0117l patariame kiek \u012fmanoma skubiau pa\u0161alinti snieg\u0105 nuo savo palapin\u0117s stogo ir i\u0161saugoti savo palapin\u0119 nuo pa\u017eeidim\u0173.<\/em><\/p>\n<p><em>4) Sand\u0117liuojant palapines \/ paviljonus pra\u0161ome \u012fsitikinkite, kad J\u016bs\u0173 palapin\u0117 yra visi\u0161kai sausa. Tai Jums pad\u0117s i\u0161vengti pel\u0117si\u0173 atsiradimo.<\/em><\/p>\n<p><em>5) Lietuvoje didesniems nei 80 m2 ploto paviljonams reikalingas \u017eem\u0117s naudotojo sutikimas-leidimas, bei statybos leidimas pagal statybos technin\u012f reglament\u0105 STR1.07.01:2002.<\/em><\/p>\n","protected":false},"excerpt":{"rendered":"DA\u017dNIAUSIAI U\u017dDUODAMI KLAUSIMAI &#8211;\u00a0DUK &#8211; &nbsp; NORIU PAKLAUSTI APIE PREKI\u0172 KAINAS: Klausimas:\u00a0Ar galiu der\u0117tis d\u0117l kainos? Atsakymas:\u00a0Savo pirk\u0117jams visada stengiam\u0117s pasi\u016blyti geriausias palapini\u0173 ir paviljon\u0173 kainas. Jei t\u0105 pa\u010di\u0105 prek\u0119 randate pigiau pas kit\u0105 pardav\u0117j\u0105 Lietuvoje,\u00a0prane\u0161kite\u00a0mums. \u00a0Mes pasistengsime pateikti tok\u012f pat ar geresn\u012f pasi\u016blym\u0105. Klausimas:\u00a0Ar skiriasi kainos juridiniams bei fiziniams asmenims? Atsakymas:\u00a0Ne. Preki\u0173 kainos tiek&#8230; <a class=\"view-article\" href=\"https:\/\/getatent.lt\/en\/dazniausiai-uzduodami-klausimai\/\">View Article<\/a>","protected":false},"author":1,"featured_media":0,"parent":0,"menu_order":0,"comment_status":"open","ping_status":"open","template":"","meta":{"_acf_changed":false,"footnotes":""},"class_list":["post-3467","page","type-page","status-publish","hentry"],"acf":[],"aioseo_notices":[],"_links":{"self":[{"href":"https:\/\/getatent.lt\/en\/wp-json\/wp\/v2\/pages\/3467","targetHints":{"allow":["GET"]}}],"collection":[{"href":"https:\/\/getatent.lt\/en\/wp-json\/wp\/v2\/pages"}],"about":[{"href":"https:\/\/getatent.lt\/en\/wp-json\/wp\/v2\/types\/page"}],"author":[{"embeddable":true,"href":"https:\/\/getatent.lt\/en\/wp-json\/wp\/v2\/users\/1"}],"replies":[{"embeddable":true,"href":"https:\/\/getatent.lt\/en\/wp-json\/wp\/v2\/comments?post=3467"}],"version-history":[{"count":0,"href":"https:\/\/getatent.lt\/en\/wp-json\/wp\/v2\/pages\/3467\/revisions"}],"wp:attachment":[{"href":"https:\/\/getatent.lt\/en\/wp-json\/wp\/v2\/media?parent=3467"}],"curies":[{"name":"wp","href":"https:\/\/api.w.org\/{rel}","templated":true}]}}