{"id":3466,"date":"2015-01-14T13:53:17","date_gmt":"2015-01-14T13:53:17","guid":{"rendered":"http:\/\/getatent.lt\/pristatymas-grazinimas-2\/"},"modified":"2021-06-01T06:01:28","modified_gmt":"2021-06-01T04:01:28","slug":"palapiniu-pristatymas-grazinimas","status":"publish","type":"page","link":"https:\/\/getatent.lt\/en\/palapiniu-pristatymas-grazinimas\/","title":{"rendered":"Pristatymas"},"content":{"rendered":"<h1><strong>PAVILJON\u0172 IR PALAPINI\u0172 PRISTATYMAS<\/strong><\/h1>\n<p>Paviljon\u0173 ir palapini\u0173 pristatymas galimas\u00a0<strong>visoje Lietuvoje, bei Europoje<\/strong>. Preki\u0173 pristatymo kaina priklauso nuo pristatomos vietov\u0117s. Nedidelius u\u017esakymus galite patys (nemokamai) pasiimti Vilniuje, Algirdo g. 26 &#8211; i\u0161anksto suderinus atvykimo ir pasi\u0117mimo laik\u0105. Visas kitas gaminamas prekes, pristatome tik tiesiogiai nurodytais u\u017esakovo adresais.<\/p>\n<p>&nbsp;<\/p>\n<h1>PREKI\u0172 ATSI\u0116MIMAS<\/h1>\n<p>U\u017esakytas prekes galite atsiimti\u00a0adresu <strong>Algirdo g. 26<\/strong>, <strong>Vilnius<\/strong>.<\/p>\n<p><strong>Svarbu: <\/strong>\u00a0Nurodytu adresu\u00a0nelaikome vis\u0173 internete parduodamu preki\u0173. Jei nepateikus u\u017esakymo arba i\u0161 anksto nesusisiekus su mumis, pageidaujam\u0173 preki\u0173 vietoje galime netur\u0117ti.<\/p>\n<p>&nbsp;<\/p>\n<h1>PRISTATYMO TERMINAI<\/h1>\n<p>Prekes da\u017eniausiai pristatome per <b>3<\/b><strong>-7\u00a0darbo dienas<\/strong>. Atskir\u0173 preki\u0173 pristatymo terminai gali skirtis.\u00a0Vilniuje, esant galimybei, prekes galime pristatyti ir <strong>t\u0105 pa\u010di\u0105 dien\u0105<\/strong>.\u00a0U\u017esakytos prek\u0117s i\u0161siun\u010diamos kit\u0105 darbo dien\u0105, kai yra gaunamas Jums pateikto komercinio pasi\u016blymo apmok\u0117jimas.<\/p>\n<p>&nbsp;<\/p>\n<h1>PREKES PRISTATYSIME JUMS PATOGIU LAIKU<\/h1>\n<p>Elektronin\u0117je parduotuv\u0117je www.Getatent.lt prekes galite u\u017esisakyti bet kuriuo paros metu, bet kuri\u0105 savait\u0117s dien\u0105.<\/p>\n<p>Visos prek\u0117s yra pristatomos darbo dienomis nuo 8 iki 18 valandos.<\/p>\n<p>Prie\u0161 pristatydamas prekes kurjeris telefonu suderins tiksl\u0173 preki\u0173 pristatymo laik\u0105.<\/p>\n<p>U\u017esakymo lape yra nurodomas prek\u0117s pristatymo laikotarpis. Pristatymo terminas gali b\u016bti atid\u0117tas pirkimo-pardavimo taisykl\u0117se numatytais atvejais. Jei prek\u0117s pristatymo terminas Jums netinka, susisiekite su mumis el. pa\u0161tu info<a href=\"mailto:pagalba@padangos123.lt\">@getatent.lt<\/a><\/p>\n<p>&nbsp;<\/p>\n<h1>PREKI\u0172 PRI\u0116MIMAS<\/h1>\n<p>Preki\u0173 pristatymo metu J\u016bs privalote patikrinti siuntos b\u016bkl\u0119.<br \/>\nPasteb\u0117jus siuntos pa\u017eeidim\u0105, dalyvaujant kurjeriui yra privaloma sura\u0161yti pastabas apie siuntos pakuot\u0117s pa\u017eeidimus arba atsisakyti priimti siunt\u0105.<br \/>\nPri\u0117mus prek\u0119 ir pasira\u0161ius va\u017etara\u0161t\u012f arba s\u0105skait\u0105 be pastab\u0173, laikoma, kad siunta priduota tvarkingai ir tai gali apsunkint bet koki\u0173 pretenzij\u0173 d\u0117l prek\u0117s i\u0161orini\u0173 pa\u017eeidim\u0173 nagrin\u0117jim\u0105. Bet kuriuo atveju, \u012fsipareigojimai d\u0117l prek\u0117s garantijos lieka galioti. Jei prek\u0117s dalys yra pa\u017eeistos ar tr\u016bksta dali\u0173, b\u016btinai prane\u0161kite mums 14 dien\u0173 laikotarpyje. Sugadintos arba tr\u016bkstamos dalys yra kei\u010diamos visi\u0161kai nemokamai.<\/p>\n","protected":false},"excerpt":{"rendered":"PAVILJON\u0172 IR PALAPINI\u0172 PRISTATYMAS Paviljon\u0173 ir palapini\u0173 pristatymas galimas\u00a0visoje Lietuvoje, bei Europoje. Preki\u0173 pristatymo kaina priklauso nuo pristatomos vietov\u0117s. Nedidelius u\u017esakymus galite patys (nemokamai) pasiimti Vilniuje, Algirdo g. 26 &#8211; i\u0161anksto suderinus atvykimo ir pasi\u0117mimo laik\u0105. Visas kitas gaminamas prekes, pristatome tik tiesiogiai nurodytais u\u017esakovo adresais. &nbsp; PREKI\u0172 ATSI\u0116MIMAS U\u017esakytas prekes galite atsiimti\u00a0adresu Algirdo g&#8230;. <a class=\"view-article\" href=\"https:\/\/getatent.lt\/en\/palapiniu-pristatymas-grazinimas\/\">View Article<\/a>","protected":false},"author":1,"featured_media":0,"parent":0,"menu_order":0,"comment_status":"open","ping_status":"open","template":"","meta":{"_acf_changed":false,"footnotes":""},"class_list":["post-3466","page","type-page","status-publish","hentry"],"acf":[],"aioseo_notices":[],"_links":{"self":[{"href":"https:\/\/getatent.lt\/en\/wp-json\/wp\/v2\/pages\/3466","targetHints":{"allow":["GET"]}}],"collection":[{"href":"https:\/\/getatent.lt\/en\/wp-json\/wp\/v2\/pages"}],"about":[{"href":"https:\/\/getatent.lt\/en\/wp-json\/wp\/v2\/types\/page"}],"author":[{"embeddable":true,"href":"https:\/\/getatent.lt\/en\/wp-json\/wp\/v2\/users\/1"}],"replies":[{"embeddable":true,"href":"https:\/\/getatent.lt\/en\/wp-json\/wp\/v2\/comments?post=3466"}],"version-history":[{"count":0,"href":"https:\/\/getatent.lt\/en\/wp-json\/wp\/v2\/pages\/3466\/revisions"}],"wp:attachment":[{"href":"https:\/\/getatent.lt\/en\/wp-json\/wp\/v2\/media?parent=3466"}],"curies":[{"name":"wp","href":"https:\/\/api.w.org\/{rel}","templated":true}]}}