{"id":3463,"date":"2015-01-12T11:46:47","date_gmt":"2015-01-12T11:46:47","guid":{"rendered":"http:\/\/getatent.lt\/?page_id=3463"},"modified":"2023-06-12T17:07:05","modified_gmt":"2023-06-12T15:07:05","slug":"palapiniu_pardavimas","status":"publish","type":"page","link":"https:\/\/getatent.lt\/en\/","title":{"rendered":"PARDUOTUV\u0116"},"content":{"rendered":"<p>Paviljon\u0173 ir palapini\u0173 pardavimas geriausia kaina.<\/p>\n<p>\u012esigyk paviljon\u0105 i\u0161 plataus asortimento! Prekybin\u0117s, reklamin\u0117s, didel\u0117s palapin\u0117s, angaro-gara\u017eo ar net sand\u0117lio tipo paviljonai u\u017e prieinam\u0105 kain\u0105.<\/p>\n<p>\nwww.GETATENT.LT palapini\u0173 pardavimas ir i\u0161samus vadovas J\u016bs\u0173 perkamiems gaminiams.<\/p>\n<p>\nM\u016bs\u0173 internetin\u0117j\u0117 parduotuv\u0117je rasite visk\u0105, k\u0105 reikia \u017einoti apie m\u016bs\u0173 parduodamus produktus. \u010cia rasite atsakymus \u012f tokius klausimus kaip \u201eKaip pastatyti palapin\u0119?\u201c, \u201eKaip padidinti palapin\u0117s dyd\u012f sujungiant palapines?\u201c arba \u201eKokie palapin\u0117s mobilaus &#8211; gara\u017eo privalumai?\u201c. Tarp m\u016bs\u0173 klient\u0173 atsiliepim\u0173 rasite tikr\u0173 palapin\u0117s pritaikymo pavyzd\u017ei\u0173 i\u0161 m\u016bs\u0173 klient\u0173 \u2013 ar tai b\u016bt\u0173 gyvuli\u0173 ganykl\u0173 palapin\u0117s J\u016bs\u0173 gyvuliams ar arkin\u0117 angaras pritaikytas J\u016bs\u0173 \u016bkiui. Paskutinis, bet ne ma\u017eiau svarbus dalykas \u2013 skiltyje \u201e\u012ekv\u0117pimas\u201c rasite pasi\u016blym\u0173 m\u016bs\u0173 galerijoje, kaip papuo\u0161ti savo palapin\u0119 arba kaip j\u0105 optimaliai panaudoti pritaikant J\u016bs\u0173 sode ar kitoje vietoje. Pas mus rasite ir mobilias pav\u0117sines tinkamas j\u016bs\u0173 sodui.<\/p>\n<p>Jei svarstote, ar norite nuolatinio sodo paviljono ar kitokio paviljono, priklausomai nuo progos, mielai jums pad\u0117sime patarimais d\u0117l dyd\u017eio pirkimo.\u00a0<\/p>\n<p>Susisiekite elektronini\u0173 pa\u0161tu arba nurodytais telefonais, jei turite daugiau klausim\u0173.<\/p>\n<p>&nbsp;<\/p>\n","protected":false},"excerpt":{"rendered":"Paviljon\u0173 ir palapini\u0173 pardavimas geriausia kaina. \u012esigyk paviljon\u0105 i\u0161 plataus asortimento! Prekybin\u0117s, reklamin\u0117s, didel\u0117s palapin\u0117s, angaro-gara\u017eo ar net sand\u0117lio tipo paviljonai u\u017e prieinam\u0105 kain\u0105. www.GETATENT.LT palapini\u0173 pardavimas ir i\u0161samus vadovas J\u016bs\u0173 perkamiems gaminiams. M\u016bs\u0173 internetin\u0117j\u0117 parduotuv\u0117je rasite visk\u0105, k\u0105 reikia \u017einoti apie m\u016bs\u0173 parduodamus produktus. \u010cia rasite atsakymus \u012f tokius klausimus kaip \u201eKaip pastatyti palapin\u0119?\u201c,&#8230; <a class=\"view-article\" href=\"https:\/\/getatent.lt\/en\/\">View Article<\/a>","protected":false},"author":1,"featured_media":0,"parent":0,"menu_order":0,"comment_status":"open","ping_status":"closed","template":"template-items_list_page.php","meta":{"_acf_changed":false,"footnotes":""},"class_list":["post-3463","page","type-page","status-publish","hentry"],"acf":[],"aioseo_notices":[],"_links":{"self":[{"href":"https:\/\/getatent.lt\/en\/wp-json\/wp\/v2\/pages\/3463","targetHints":{"allow":["GET"]}}],"collection":[{"href":"https:\/\/getatent.lt\/en\/wp-json\/wp\/v2\/pages"}],"about":[{"href":"https:\/\/getatent.lt\/en\/wp-json\/wp\/v2\/types\/page"}],"author":[{"embeddable":true,"href":"https:\/\/getatent.lt\/en\/wp-json\/wp\/v2\/users\/1"}],"replies":[{"embeddable":true,"href":"https:\/\/getatent.lt\/en\/wp-json\/wp\/v2\/comments?post=3463"}],"version-history":[{"count":0,"href":"https:\/\/getatent.lt\/en\/wp-json\/wp\/v2\/pages\/3463\/revisions"}],"wp:attachment":[{"href":"https:\/\/getatent.lt\/en\/wp-json\/wp\/v2\/media?parent=3463"}],"curies":[{"name":"wp","href":"https:\/\/api.w.org\/{rel}","templated":true}]}}